{"id":11559,"date":"2021-01-28T21:36:35","date_gmt":"2021-01-28T19:36:35","guid":{"rendered":"https:\/\/adduco.ee\/?page_id=11559"},"modified":"2023-03-15T22:05:09","modified_gmt":"2023-03-15T20:05:09","slug":"adducon-missio-ja-arvot","status":"publish","type":"page","link":"https:\/\/adduco.ee\/fi\/adducon-missio-ja-arvot\/","title":{"rendered":"Adducon missio ja arvot"},"content":{"rendered":"\t\t<div data-elementor-type=\"wp-page\" data-elementor-id=\"11559\" class=\"elementor elementor-11559 elementor-10698\" data-elementor-post-type=\"page\">\n\t\t\t\t\t\t<section class=\"elementor-section elementor-top-section elementor-element elementor-element-58ecf57 elementor-section-content-middle elementor-section-boxed elementor-section-height-default elementor-section-height-default\" data-id=\"58ecf57\" data-element_type=\"section\" data-e-type=\"section\" data-settings=\"{&quot;background_background&quot;:&quot;gradient&quot;}\">\n\t\t\t\t\t\t\t<div class=\"elementor-background-overlay\"><\/div>\n\t\t\t\t\t\t\t<div class=\"elementor-container elementor-column-gap-no\">\n\t\t\t\t\t<div class=\"elementor-column elementor-col-50 elementor-top-column elementor-element elementor-element-c5558c4\" data-id=\"c5558c4\" data-element_type=\"column\" data-e-type=\"column\">\n\t\t\t<div class=\"elementor-widget-wrap elementor-element-populated\">\n\t\t\t\t\t\t<div class=\"elementor-element elementor-element-10f8ef1 elementor-widget elementor-widget-heading\" data-id=\"10f8ef1\" data-element_type=\"widget\" data-e-type=\"widget\" data-widget_type=\"heading.default\">\n\t\t\t\t<div class=\"elementor-widget-container\">\n\t\t\t\t\t<h1 class=\"elementor-heading-title elementor-size-default\">Adducon missio ja arvot<\/h1>\t\t\t\t<\/div>\n\t\t\t\t<\/div>\n\t\t\t\t<div class=\"elementor-element elementor-element-d040600 elementor-widget elementor-widget-spacer\" data-id=\"d040600\" data-element_type=\"widget\" data-e-type=\"widget\" data-widget_type=\"spacer.default\">\n\t\t\t\t<div class=\"elementor-widget-container\">\n\t\t\t\t\t\t\t<div class=\"elementor-spacer\">\n\t\t\t<div class=\"elementor-spacer-inner\"><\/div>\n\t\t<\/div>\n\t\t\t\t\t\t<\/div>\n\t\t\t\t<\/div>\n\t\t\t\t<div class=\"elementor-element elementor-element-fd964c7 color-scheme-inherit text-left elementor-widget elementor-widget-text-editor\" data-id=\"fd964c7\" data-element_type=\"widget\" data-e-type=\"widget\" data-widget_type=\"text-editor.default\">\n\t\t\t\t<div class=\"elementor-widget-container\">\n\t\t\t\t\t\t\t\t\t<p>Teemme muuttamisesta helppoa ja <span style=\"color: #ed1c24;\">stressit\u00f6nt\u00e4<\/span> ihmisille ja yrityksille<\/p>\t\t\t\t\t\t\t\t<\/div>\n\t\t\t\t<\/div>\n\t\t\t\t\t<\/div>\n\t\t<\/div>\n\t\t\t\t<div class=\"elementor-column elementor-col-50 elementor-top-column elementor-element elementor-element-443d10d\" data-id=\"443d10d\" data-element_type=\"column\" data-e-type=\"column\" data-settings=\"{&quot;background_background&quot;:&quot;classic&quot;}\">\n\t\t\t<div class=\"elementor-widget-wrap elementor-element-populated\">\n\t\t\t\t\t\t<div class=\"elementor-element elementor-element-983d304 elementor-widget elementor-widget-image\" data-id=\"983d304\" data-element_type=\"widget\" data-e-type=\"widget\" data-widget_type=\"image.default\">\n\t\t\t\t<div class=\"elementor-widget-container\">\n\t\t\t\t\t\t\t\t\t\t\t\t\t\t\t<img decoding=\"async\" src=\"https:\/\/adduco.ee\/wp-content\/uploads\/2023\/03\/adduco_web_RV-1.jpg\" title=\"adduco_web_RV.jpg\" alt=\"Adduco kolimisteenused\" loading=\"lazy\" \/>\t\t\t\t\t\t\t\t\t\t\t\t\t\t\t<\/div>\n\t\t\t\t<\/div>\n\t\t\t\t\t<\/div>\n\t\t<\/div>\n\t\t\t\t\t<\/div>\n\t\t<\/section>\n\t\t\t\t<section class=\"elementor-section elementor-top-section elementor-element elementor-element-eb8b54c elementor-section-content-middle elementor-section-boxed elementor-section-height-default elementor-section-height-default\" data-id=\"eb8b54c\" data-element_type=\"section\" data-e-type=\"section\">\n\t\t\t\t\t\t<div class=\"elementor-container elementor-column-gap-no\">\n\t\t\t\t\t<div class=\"elementor-column elementor-col-100 elementor-top-column elementor-element elementor-element-a2be498\" data-id=\"a2be498\" data-element_type=\"column\" data-e-type=\"column\">\n\t\t\t<div class=\"elementor-widget-wrap elementor-element-populated\">\n\t\t\t\t\t\t<div class=\"elementor-element elementor-element-54babef elementor-widget elementor-widget-heading\" data-id=\"54babef\" data-element_type=\"widget\" data-e-type=\"widget\" data-widget_type=\"heading.default\">\n\t\t\t\t<div class=\"elementor-widget-container\">\n\t\t\t\t\t<h3 class=\"elementor-heading-title elementor-size-default\">Arvot, joita edustamme:<\/h3>\t\t\t\t<\/div>\n\t\t\t\t<\/div>\n\t\t\t\t<div class=\"elementor-element elementor-element-5b508f5 elementor-icon-list--layout-traditional elementor-list-item-link-full_width elementor-widget elementor-widget-icon-list\" data-id=\"5b508f5\" data-element_type=\"widget\" data-e-type=\"widget\" data-widget_type=\"icon-list.default\">\n\t\t\t\t<div class=\"elementor-widget-container\">\n\t\t\t\t\t\t\t<ul class=\"elementor-icon-list-items\">\n\t\t\t\t\t\t\t<li class=\"elementor-icon-list-item\">\n\t\t\t\t\t\t\t\t\t\t\t<span class=\"elementor-icon-list-icon\">\n\t\t\t\t\t\t\t<i aria-hidden=\"true\" class=\"fas fa-star\"><\/i>\t\t\t\t\t\t<\/span>\n\t\t\t\t\t\t\t\t\t\t<span class=\"elementor-icon-list-text\">Meille ei ole olemassa liian suurta tai pient\u00e4 ty\u00f6t\u00e4 \u2013 otamme jokaisen muuttohaasteen vastaan<\/span>\n\t\t\t\t\t\t\t\t\t<\/li>\n\t\t\t\t\t\t\t\t<li class=\"elementor-icon-list-item\">\n\t\t\t\t\t\t\t\t\t\t\t<span class=\"elementor-icon-list-icon\">\n\t\t\t\t\t\t\t<i aria-hidden=\"true\" class=\"fas fa-star\"><\/i>\t\t\t\t\t\t<\/span>\n\t\t\t\t\t\t\t\t\t\t<span class=\"elementor-icon-list-text\">Vastaamme kaikkiin hintatiedusteluihin mahdollisimman pian<\/span>\n\t\t\t\t\t\t\t\t\t<\/li>\n\t\t\t\t\t\t\t\t<li class=\"elementor-icon-list-item\">\n\t\t\t\t\t\t\t\t\t\t\t<span class=\"elementor-icon-list-icon\">\n\t\t\t\t\t\t\t<i aria-hidden=\"true\" class=\"fas fa-star\"><\/i>\t\t\t\t\t\t<\/span>\n\t\t\t\t\t\t\t\t\t\t<span class=\"elementor-icon-list-text\">L\u00e4hestymme jokaista muuttoa yksil\u00f6llisesti<\/span>\n\t\t\t\t\t\t\t\t\t<\/li>\n\t\t\t\t\t\t\t\t<li class=\"elementor-icon-list-item\">\n\t\t\t\t\t\t\t\t\t\t\t<span class=\"elementor-icon-list-icon\">\n\t\t\t\t\t\t\t<i aria-hidden=\"true\" class=\"fas fa-star\"><\/i>\t\t\t\t\t\t<\/span>\n\t\t\t\t\t\t\t\t\t\t<span class=\"elementor-icon-list-text\">Kaikki muuttajamme ovat suorittaneet peruskoulutuksen ja j\u00e4rjest\u00e4mme heille jatkuvasti jatkokoulutusta<\/span>\n\t\t\t\t\t\t\t\t\t<\/li>\n\t\t\t\t\t\t\t\t<li class=\"elementor-icon-list-item\">\n\t\t\t\t\t\t\t\t\t\t\t<span class=\"elementor-icon-list-icon\">\n\t\t\t\t\t\t\t<i aria-hidden=\"true\" class=\"fas fa-star\"><\/i>\t\t\t\t\t\t<\/span>\n\t\t\t\t\t\t\t\t\t\t<span class=\"elementor-icon-list-text\">Teemme kaikkemme varmistaaksemme, ett\u00e4 jokainen muutto sujuu turvallisesti ja stressitt\u00f6m\u00e4sti<\/span>\n\t\t\t\t\t\t\t\t\t<\/li>\n\t\t\t\t\t\t\t\t<li class=\"elementor-icon-list-item\">\n\t\t\t\t\t\t\t\t\t\t\t<span class=\"elementor-icon-list-icon\">\n\t\t\t\t\t\t\t<i aria-hidden=\"true\" class=\"fas fa-star\"><\/i>\t\t\t\t\t\t<\/span>\n\t\t\t\t\t\t\t\t\t\t<span class=\"elementor-icon-list-text\">K\u00e4yt\u00e4mme markkinoiden parhaita pakkausmateriaaleja ja laadukkaita ty\u00f6v\u00e4lineit\u00e4<\/span>\n\t\t\t\t\t\t\t\t\t<\/li>\n\t\t\t\t\t\t<\/ul>\n\t\t\t\t\t\t<\/div>\n\t\t\t\t<\/div>\n\t\t\t\t<div class=\"elementor-element elementor-element-98e434e color-scheme-inherit text-left elementor-widget elementor-widget-text-editor\" data-id=\"98e434e\" data-element_type=\"widget\" data-e-type=\"widget\" data-widget_type=\"text-editor.default\">\n\t\t\t\t<div class=\"elementor-widget-container\">\n\t\t\t\t\t\t\t\t\t<p>Haluamme rikkoa palvelumme kautta muuttamista koskevan myytin, jonka mukaan muuttaminen on vain tavaroiden kuljettamista paikasta A paikkaan B ja kuka tahansa voi tehd\u00e4 sit\u00e4.<\/p>\t\t\t\t\t\t\t\t<\/div>\n\t\t\t\t<\/div>\n\t\t\t\t\t<\/div>\n\t\t<\/div>\n\t\t\t\t\t<\/div>\n\t\t<\/section>\n\t\t\t\t<\/div>\n\t\t","protected":false},"excerpt":{"rendered":"<p>Adducon missio ja arvot Teemme muuttamisesta helppoa ja stressit\u00f6nt\u00e4 ihmisille ja yrityksille Arvot, joita edustamme: Meille ei ole olemassa liian<\/p>\n","protected":false},"author":7,"featured_media":12542,"parent":0,"menu_order":10,"comment_status":"closed","ping_status":"closed","template":"elementor_header_footer","meta":{"_acf_changed":false,"inline_featured_image":false,"footnotes":""},"class_list":["post-11559","page","type-page","status-publish","has-post-thumbnail","hentry"],"acf":[],"yoast_head":"<!-- This site is optimized with the Yoast SEO plugin v27.3 - https:\/\/yoast.com\/product\/yoast-seo-wordpress\/ -->\n<title>Adducon missio ja arvot - Adduco<\/title>\n<meta name=\"description\" content=\"Teemme muuttamisesta helppoa jastressit\u00f6nt\u00e4 ihmisille ja yrityksille. Haluamme rikkoa palvelumme kauttamuuttamista koskevan myytin, jonka mukaanmuuttaminen on vain tavaroiden kuljettamistapaikasta A paikkaan B ja kuka tahansa voitehd\u00e4 sit\u00e4.\" \/>\n<meta name=\"robots\" content=\"index, follow, max-snippet:-1, max-image-preview:large, max-video-preview:-1\" \/>\n<link rel=\"canonical\" href=\"https:\/\/adduco.ee\/fi\/wp-json\/wp\/v2\/pages\/11559\/\" \/>\n<meta property=\"og:locale\" content=\"fi_FI\" \/>\n<meta property=\"og:type\" content=\"article\" \/>\n<meta property=\"og:title\" content=\"Adducon missio ja arvot - Adduco\" \/>\n<meta property=\"og:description\" content=\"Teemme muuttamisesta helppoa jastressit\u00f6nt\u00e4 ihmisille ja yrityksille. Haluamme rikkoa palvelumme kauttamuuttamista koskevan myytin, jonka mukaanmuuttaminen on vain tavaroiden kuljettamistapaikasta A paikkaan B ja kuka tahansa voitehd\u00e4 sit\u00e4.\" \/>\n<meta property=\"og:url\" content=\"https:\/\/adduco.ee\/fi\/adducon-missio-ja-arvot\/\" \/>\n<meta property=\"og:site_name\" content=\"Adduco\" \/>\n<meta property=\"article:publisher\" content=\"https:\/\/www.facebook.com\/kolimine\/\" \/>\n<meta property=\"article:modified_time\" content=\"2023-03-15T20:05:09+00:00\" \/>\n<meta property=\"og:image\" content=\"https:\/\/adduco.ee\/wp-content\/uploads\/2021\/02\/Feature_image-03.png\" \/>\n\t<meta property=\"og:image:width\" content=\"1200\" \/>\n\t<meta property=\"og:image:height\" content=\"628\" \/>\n\t<meta property=\"og:image:type\" content=\"image\/png\" \/>\n<meta name=\"twitter:label1\" content=\"Est. reading time\" \/>\n\t<meta name=\"twitter:data1\" content=\"1 minute\" \/>\n<script type=\"application\/ld+json\" class=\"yoast-schema-graph\">{\"@context\":\"https:\\\/\\\/schema.org\",\"@graph\":[{\"@type\":\"WebPage\",\"@id\":\"https:\\\/\\\/adduco.ee\\\/fi\\\/adducon-missio-ja-arvot\\\/\",\"url\":\"https:\\\/\\\/adduco.ee\\\/fi\\\/adducon-missio-ja-arvot\\\/\",\"name\":\"Adducon missio ja arvot - Adduco\",\"isPartOf\":{\"@id\":\"https:\\\/\\\/adduco.ee\\\/fi\\\/#website\"},\"primaryImageOfPage\":{\"@id\":\"https:\\\/\\\/adduco.ee\\\/fi\\\/adducon-missio-ja-arvot\\\/#primaryimage\"},\"image\":{\"@id\":\"https:\\\/\\\/adduco.ee\\\/fi\\\/adducon-missio-ja-arvot\\\/#primaryimage\"},\"thumbnailUrl\":\"https:\\\/\\\/adduco.ee\\\/wp-content\\\/uploads\\\/2021\\\/02\\\/Feature_image-03.png\",\"datePublished\":\"2021-01-28T19:36:35+00:00\",\"dateModified\":\"2023-03-15T20:05:09+00:00\",\"description\":\"Teemme muuttamisesta helppoa jastressit\u00f6nt\u00e4 ihmisille ja yrityksille. Haluamme rikkoa palvelumme kauttamuuttamista koskevan myytin, jonka mukaanmuuttaminen on vain tavaroiden kuljettamistapaikasta A paikkaan B ja kuka tahansa voitehd\u00e4 sit\u00e4.\",\"breadcrumb\":{\"@id\":\"https:\\\/\\\/adduco.ee\\\/fi\\\/adducon-missio-ja-arvot\\\/#breadcrumb\"},\"inLanguage\":\"fi\",\"potentialAction\":[{\"@type\":\"ReadAction\",\"target\":[\"https:\\\/\\\/adduco.ee\\\/fi\\\/adducon-missio-ja-arvot\\\/\"]}]},{\"@type\":\"ImageObject\",\"inLanguage\":\"fi\",\"@id\":\"https:\\\/\\\/adduco.ee\\\/fi\\\/adducon-missio-ja-arvot\\\/#primaryimage\",\"url\":\"https:\\\/\\\/adduco.ee\\\/wp-content\\\/uploads\\\/2021\\\/02\\\/Feature_image-03.png\",\"contentUrl\":\"https:\\\/\\\/adduco.ee\\\/wp-content\\\/uploads\\\/2021\\\/02\\\/Feature_image-03.png\",\"width\":1200,\"height\":628},{\"@type\":\"BreadcrumbList\",\"@id\":\"https:\\\/\\\/adduco.ee\\\/fi\\\/adducon-missio-ja-arvot\\\/#breadcrumb\",\"itemListElement\":[{\"@type\":\"ListItem\",\"position\":1,\"name\":\"Avaleht\",\"item\":\"https:\\\/\\\/adduco.ee\\\/fi\\\/\"},{\"@type\":\"ListItem\",\"position\":2,\"name\":\"Adducon missio ja arvot\"}]},{\"@type\":\"WebSite\",\"@id\":\"https:\\\/\\\/adduco.ee\\\/fi\\\/#website\",\"url\":\"https:\\\/\\\/adduco.ee\\\/fi\\\/\",\"name\":\"Adduco\",\"description\":\"Muuttopalvelut\",\"publisher\":{\"@id\":\"https:\\\/\\\/adduco.ee\\\/fi\\\/#organization\"},\"potentialAction\":[{\"@type\":\"SearchAction\",\"target\":{\"@type\":\"EntryPoint\",\"urlTemplate\":\"https:\\\/\\\/adduco.ee\\\/fi\\\/?s={search_term_string}\"},\"query-input\":{\"@type\":\"PropertyValueSpecification\",\"valueRequired\":true,\"valueName\":\"search_term_string\"}}],\"inLanguage\":\"fi\"},{\"@type\":\"Organization\",\"@id\":\"https:\\\/\\\/adduco.ee\\\/fi\\\/#organization\",\"name\":\"Adduco O\u00dc\",\"url\":\"https:\\\/\\\/adduco.ee\\\/fi\\\/\",\"logo\":{\"@type\":\"ImageObject\",\"inLanguage\":\"fi\",\"@id\":\"https:\\\/\\\/adduco.ee\\\/fi\\\/#\\\/schema\\\/logo\\\/image\\\/\",\"url\":\"https:\\\/\\\/adduco.ee\\\/wp-content\\\/uploads\\\/2019\\\/02\\\/logo_Adduco-01.png\",\"contentUrl\":\"https:\\\/\\\/adduco.ee\\\/wp-content\\\/uploads\\\/2019\\\/02\\\/logo_Adduco-01.png\",\"width\":200,\"height\":75,\"caption\":\"Adduco O\u00dc\"},\"image\":{\"@id\":\"https:\\\/\\\/adduco.ee\\\/fi\\\/#\\\/schema\\\/logo\\\/image\\\/\"},\"sameAs\":[\"https:\\\/\\\/www.facebook.com\\\/kolimine\\\/\"]}]}<\/script>\n<!-- \/ Yoast SEO plugin. -->","yoast_head_json":{"title":"Adducon missio ja arvot - Adduco","description":"Teemme muuttamisesta helppoa jastressit\u00f6nt\u00e4 ihmisille ja yrityksille. Haluamme rikkoa palvelumme kauttamuuttamista koskevan myytin, jonka mukaanmuuttaminen on vain tavaroiden kuljettamistapaikasta A paikkaan B ja kuka tahansa voitehd\u00e4 sit\u00e4.","robots":{"index":"index","follow":"follow","max-snippet":"max-snippet:-1","max-image-preview":"max-image-preview:large","max-video-preview":"max-video-preview:-1"},"canonical":"https:\/\/adduco.ee\/fi\/wp-json\/wp\/v2\/pages\/11559\/","og_locale":"fi_FI","og_type":"article","og_title":"Adducon missio ja arvot - Adduco","og_description":"Teemme muuttamisesta helppoa jastressit\u00f6nt\u00e4 ihmisille ja yrityksille. Haluamme rikkoa palvelumme kauttamuuttamista koskevan myytin, jonka mukaanmuuttaminen on vain tavaroiden kuljettamistapaikasta A paikkaan B ja kuka tahansa voitehd\u00e4 sit\u00e4.","og_url":"https:\/\/adduco.ee\/fi\/adducon-missio-ja-arvot\/","og_site_name":"Adduco","article_publisher":"https:\/\/www.facebook.com\/kolimine\/","article_modified_time":"2023-03-15T20:05:09+00:00","og_image":[{"width":1200,"height":628,"url":"https:\/\/adduco.ee\/wp-content\/uploads\/2021\/02\/Feature_image-03.png","type":"image\/png"}],"twitter_misc":{"Est. reading time":"1 minute"},"schema":{"@context":"https:\/\/schema.org","@graph":[{"@type":"WebPage","@id":"https:\/\/adduco.ee\/fi\/adducon-missio-ja-arvot\/","url":"https:\/\/adduco.ee\/fi\/adducon-missio-ja-arvot\/","name":"Adducon missio ja arvot - Adduco","isPartOf":{"@id":"https:\/\/adduco.ee\/fi\/#website"},"primaryImageOfPage":{"@id":"https:\/\/adduco.ee\/fi\/adducon-missio-ja-arvot\/#primaryimage"},"image":{"@id":"https:\/\/adduco.ee\/fi\/adducon-missio-ja-arvot\/#primaryimage"},"thumbnailUrl":"https:\/\/adduco.ee\/wp-content\/uploads\/2021\/02\/Feature_image-03.png","datePublished":"2021-01-28T19:36:35+00:00","dateModified":"2023-03-15T20:05:09+00:00","description":"Teemme muuttamisesta helppoa jastressit\u00f6nt\u00e4 ihmisille ja yrityksille. Haluamme rikkoa palvelumme kauttamuuttamista koskevan myytin, jonka mukaanmuuttaminen on vain tavaroiden kuljettamistapaikasta A paikkaan B ja kuka tahansa voitehd\u00e4 sit\u00e4.","breadcrumb":{"@id":"https:\/\/adduco.ee\/fi\/adducon-missio-ja-arvot\/#breadcrumb"},"inLanguage":"fi","potentialAction":[{"@type":"ReadAction","target":["https:\/\/adduco.ee\/fi\/adducon-missio-ja-arvot\/"]}]},{"@type":"ImageObject","inLanguage":"fi","@id":"https:\/\/adduco.ee\/fi\/adducon-missio-ja-arvot\/#primaryimage","url":"https:\/\/adduco.ee\/wp-content\/uploads\/2021\/02\/Feature_image-03.png","contentUrl":"https:\/\/adduco.ee\/wp-content\/uploads\/2021\/02\/Feature_image-03.png","width":1200,"height":628},{"@type":"BreadcrumbList","@id":"https:\/\/adduco.ee\/fi\/adducon-missio-ja-arvot\/#breadcrumb","itemListElement":[{"@type":"ListItem","position":1,"name":"Avaleht","item":"https:\/\/adduco.ee\/fi\/"},{"@type":"ListItem","position":2,"name":"Adducon missio ja arvot"}]},{"@type":"WebSite","@id":"https:\/\/adduco.ee\/fi\/#website","url":"https:\/\/adduco.ee\/fi\/","name":"Adduco","description":"Muuttopalvelut","publisher":{"@id":"https:\/\/adduco.ee\/fi\/#organization"},"potentialAction":[{"@type":"SearchAction","target":{"@type":"EntryPoint","urlTemplate":"https:\/\/adduco.ee\/fi\/?s={search_term_string}"},"query-input":{"@type":"PropertyValueSpecification","valueRequired":true,"valueName":"search_term_string"}}],"inLanguage":"fi"},{"@type":"Organization","@id":"https:\/\/adduco.ee\/fi\/#organization","name":"Adduco O\u00dc","url":"https:\/\/adduco.ee\/fi\/","logo":{"@type":"ImageObject","inLanguage":"fi","@id":"https:\/\/adduco.ee\/fi\/#\/schema\/logo\/image\/","url":"https:\/\/adduco.ee\/wp-content\/uploads\/2019\/02\/logo_Adduco-01.png","contentUrl":"https:\/\/adduco.ee\/wp-content\/uploads\/2019\/02\/logo_Adduco-01.png","width":200,"height":75,"caption":"Adduco O\u00dc"},"image":{"@id":"https:\/\/adduco.ee\/fi\/#\/schema\/logo\/image\/"},"sameAs":["https:\/\/www.facebook.com\/kolimine\/"]}]}},"_links":{"self":[{"href":"https:\/\/adduco.ee\/fi\/wp-json\/wp\/v2\/pages\/11559","targetHints":{"allow":["GET"]}}],"collection":[{"href":"https:\/\/adduco.ee\/fi\/wp-json\/wp\/v2\/pages"}],"about":[{"href":"https:\/\/adduco.ee\/fi\/wp-json\/wp\/v2\/types\/page"}],"author":[{"embeddable":true,"href":"https:\/\/adduco.ee\/fi\/wp-json\/wp\/v2\/users\/7"}],"replies":[{"embeddable":true,"href":"https:\/\/adduco.ee\/fi\/wp-json\/wp\/v2\/comments?post=11559"}],"version-history":[{"count":3,"href":"https:\/\/adduco.ee\/fi\/wp-json\/wp\/v2\/pages\/11559\/revisions"}],"predecessor-version":[{"id":17763,"href":"https:\/\/adduco.ee\/fi\/wp-json\/wp\/v2\/pages\/11559\/revisions\/17763"}],"wp:featuredmedia":[{"embeddable":true,"href":"https:\/\/adduco.ee\/fi\/wp-json\/wp\/v2\/media\/12542"}],"wp:attachment":[{"href":"https:\/\/adduco.ee\/fi\/wp-json\/wp\/v2\/media?parent=11559"}],"curies":[{"name":"wp","href":"https:\/\/api.w.org\/{rel}","templated":true}]}}