{"id":11300,"date":"2021-01-22T17:56:02","date_gmt":"2021-01-22T15:56:02","guid":{"rendered":"https:\/\/adduco.ee\/?page_id=11300"},"modified":"2026-01-28T16:43:32","modified_gmt":"2026-01-28T14:43:32","slug":"valitse-stressiton-muutto","status":"publish","type":"page","link":"https:\/\/adduco.ee\/fi\/","title":{"rendered":"Valitse stressit\u00f6n muutto"},"content":{"rendered":"\t\t<div data-elementor-type=\"wp-page\" data-elementor-id=\"11300\" class=\"elementor elementor-11300 elementor-9890\" data-elementor-post-type=\"page\">\n\t\t\t\t\t\t<section class=\"elementor-section elementor-top-section elementor-element elementor-element-c908e51 elementor-section-content-middle elementor-section-boxed elementor-section-height-default elementor-section-height-default\" data-id=\"c908e51\" data-element_type=\"section\" data-e-type=\"section\" data-settings=\"{&quot;background_background&quot;:&quot;gradient&quot;}\">\n\t\t\t\t\t\t\t<div class=\"elementor-background-overlay\"><\/div>\n\t\t\t\t\t\t\t<div class=\"elementor-container elementor-column-gap-no\">\n\t\t\t\t\t<div class=\"elementor-column elementor-col-50 elementor-top-column elementor-element elementor-element-eabda22\" data-id=\"eabda22\" data-element_type=\"column\" data-e-type=\"column\">\n\t\t\t<div class=\"elementor-widget-wrap elementor-element-populated\">\n\t\t\t\t\t\t<div class=\"elementor-element elementor-element-fee930a elementor-widget elementor-widget-heading\" data-id=\"fee930a\" data-element_type=\"widget\" data-e-type=\"widget\" data-widget_type=\"heading.default\">\n\t\t\t\t<div class=\"elementor-widget-container\">\n\t\t\t\t\t<h1 class=\"elementor-heading-title elementor-size-default\">Valitse stressit\u00f6n muutto<\/h1>\t\t\t\t<\/div>\n\t\t\t\t<\/div>\n\t\t\t\t<div class=\"elementor-element elementor-element-2fcea11 elementor-widget elementor-widget-spacer\" data-id=\"2fcea11\" data-element_type=\"widget\" data-e-type=\"widget\" data-widget_type=\"spacer.default\">\n\t\t\t\t<div class=\"elementor-widget-container\">\n\t\t\t\t\t\t\t<div class=\"elementor-spacer\">\n\t\t\t<div class=\"elementor-spacer-inner\"><\/div>\n\t\t<\/div>\n\t\t\t\t\t\t<\/div>\n\t\t\t\t<\/div>\n\t\t\t\t<div class=\"elementor-element elementor-element-b68dace color-scheme-inherit text-left elementor-widget elementor-widget-text-editor\" data-id=\"b68dace\" data-element_type=\"widget\" data-e-type=\"widget\" data-widget_type=\"text-editor.default\">\n\t\t\t\t<div class=\"elementor-widget-container\">\n\t\t\t\t\t\t\t\t\t<p>Tilaa kaiken kattava muuttopalvelu Adducosta<\/p>\t\t\t\t\t\t\t\t<\/div>\n\t\t\t\t<\/div>\n\t\t\t\t<div class=\"elementor-element elementor-element-2a01714 elementor-widget elementor-widget-spacer\" data-id=\"2a01714\" data-element_type=\"widget\" data-e-type=\"widget\" data-widget_type=\"spacer.default\">\n\t\t\t\t<div class=\"elementor-widget-container\">\n\t\t\t\t\t\t\t<div class=\"elementor-spacer\">\n\t\t\t<div class=\"elementor-spacer-inner\"><\/div>\n\t\t<\/div>\n\t\t\t\t\t\t<\/div>\n\t\t\t\t<\/div>\n\t\t\t\t<div class=\"elementor-element elementor-element-dd6ed19 elementor-widget elementor-widget-image\" data-id=\"dd6ed19\" data-element_type=\"widget\" data-e-type=\"widget\" data-widget_type=\"image.default\">\n\t\t\t\t<div class=\"elementor-widget-container\">\n\t\t\t\t\t\t\t\t\t\t\t\t\t\t\t<img decoding=\"async\" src=\"https:\/\/adduco.ee\/wp-content\/uploads\/2026\/01\/adduco-rating-FIN-b.png\" title=\"adduco-rating-FIN-b\" alt=\"adduco-rating-FIN-b\" loading=\"lazy\" \/>\t\t\t\t\t\t\t\t\t\t\t\t\t\t\t<\/div>\n\t\t\t\t<\/div>\n\t\t\t\t<div class=\"elementor-element elementor-element-2c9900d elementor-widget elementor-widget-spacer\" data-id=\"2c9900d\" data-element_type=\"widget\" data-e-type=\"widget\" data-widget_type=\"spacer.default\">\n\t\t\t\t<div class=\"elementor-widget-container\">\n\t\t\t\t\t\t\t<div class=\"elementor-spacer\">\n\t\t\t<div class=\"elementor-spacer-inner\"><\/div>\n\t\t<\/div>\n\t\t\t\t\t\t<\/div>\n\t\t\t\t<\/div>\n\t\t\t\t<section class=\"elementor-section elementor-inner-section elementor-element elementor-element-416df07 elementor-section-boxed elementor-section-height-default elementor-section-height-default\" data-id=\"416df07\" data-element_type=\"section\" data-e-type=\"section\">\n\t\t\t\t\t\t<div class=\"elementor-container elementor-column-gap-default\">\n\t\t\t\t\t<div class=\"elementor-column elementor-col-100 elementor-inner-column elementor-element elementor-element-58b6ffa\" data-id=\"58b6ffa\" data-element_type=\"column\" data-e-type=\"column\">\n\t\t\t<div class=\"elementor-widget-wrap elementor-element-populated\">\n\t\t\t\t\t\t<div class=\"elementor-element elementor-element-36a1485 elementor-align-justify elementor-mobile-align-justify elementor-widget elementor-widget-button\" data-id=\"36a1485\" data-element_type=\"widget\" data-e-type=\"widget\" data-widget_type=\"button.default\">\n\t\t\t\t<div class=\"elementor-widget-container\">\n\t\t\t\t\t\t\t\t\t<div class=\"elementor-button-wrapper\">\n\t\t\t\t\t<a class=\"elementor-button elementor-button-link elementor-size-sm\" href=\"https:\/\/adduco.ee\/fi\/muuttopalvelut\/yksityisasiakkaan-muuttopalvelut\/\">\n\t\t\t\t\t\t<span class=\"elementor-button-content-wrapper\">\n\t\t\t\t\t\t<span class=\"elementor-button-icon\">\n\t\t\t\t<i aria-hidden=\"true\" class=\"fas fa-arrow-circle-right\"><\/i>\t\t\t<\/span>\n\t\t\t\t\t\t\t\t\t<span class=\"elementor-button-text\">Yksityisasiakkaan muuttopalvelut<\/span>\n\t\t\t\t\t<\/span>\n\t\t\t\t\t<\/a>\n\t\t\t\t<\/div>\n\t\t\t\t\t\t\t\t<\/div>\n\t\t\t\t<\/div>\n\t\t\t\t<div class=\"elementor-element elementor-element-bf5405a elementor-align-justify elementor-mobile-align-justify elementor-widget elementor-widget-button\" data-id=\"bf5405a\" data-element_type=\"widget\" data-e-type=\"widget\" data-widget_type=\"button.default\">\n\t\t\t\t<div class=\"elementor-widget-container\">\n\t\t\t\t\t\t\t\t\t<div class=\"elementor-button-wrapper\">\n\t\t\t\t\t<a class=\"elementor-button elementor-button-link elementor-size-sm\" href=\"https:\/\/adduco.ee\/fi\/muuttopalvelut\/yritysasiakkaan-muuttopalvelut\/\">\n\t\t\t\t\t\t<span class=\"elementor-button-content-wrapper\">\n\t\t\t\t\t\t<span class=\"elementor-button-icon\">\n\t\t\t\t<i aria-hidden=\"true\" class=\"fas fa-arrow-circle-right\"><\/i>\t\t\t<\/span>\n\t\t\t\t\t\t\t\t\t<span class=\"elementor-button-text\">Yritysasiakkaan muuttopalvelut<\/span>\n\t\t\t\t\t<\/span>\n\t\t\t\t\t<\/a>\n\t\t\t\t<\/div>\n\t\t\t\t\t\t\t\t<\/div>\n\t\t\t\t<\/div>\n\t\t\t\t<div class=\"elementor-element elementor-element-71b54df elementor-align-justify elementor-mobile-align-justify elementor-widget elementor-widget-button\" data-id=\"71b54df\" data-element_type=\"widget\" data-e-type=\"widget\" data-widget_type=\"button.default\">\n\t\t\t\t<div class=\"elementor-widget-container\">\n\t\t\t\t\t\t\t\t\t<div class=\"elementor-button-wrapper\">\n\t\t\t\t\t<a class=\"elementor-button elementor-button-link elementor-size-sm\" href=\"https:\/\/adduco.ee\/fi\/muuttopalvelut\/kansainvalinen-muuttopalvelu\/\">\n\t\t\t\t\t\t<span class=\"elementor-button-content-wrapper\">\n\t\t\t\t\t\t<span class=\"elementor-button-icon\">\n\t\t\t\t<i aria-hidden=\"true\" class=\"fas fa-arrow-circle-right\"><\/i>\t\t\t<\/span>\n\t\t\t\t\t\t\t\t\t<span class=\"elementor-button-text\">Kansainv\u00e4linen muuttopalvelu<\/span>\n\t\t\t\t\t<\/span>\n\t\t\t\t\t<\/a>\n\t\t\t\t<\/div>\n\t\t\t\t\t\t\t\t<\/div>\n\t\t\t\t<\/div>\n\t\t\t\t<div class=\"elementor-element elementor-element-94c8c8b elementor-align-justify elementor-mobile-align-justify elementor-widget elementor-widget-button\" data-id=\"94c8c8b\" data-element_type=\"widget\" data-e-type=\"widget\" data-widget_type=\"button.default\">\n\t\t\t\t<div class=\"elementor-widget-container\">\n\t\t\t\t\t\t\t\t\t<div class=\"elementor-button-wrapper\">\n\t\t\t\t\t<a class=\"elementor-button elementor-button-link elementor-size-sm\" href=\"https:\/\/adduco.ee\/fi\/muuttopalvelut\/raskaiden-esineiden-muuttaminen\/\">\n\t\t\t\t\t\t<span class=\"elementor-button-content-wrapper\">\n\t\t\t\t\t\t<span class=\"elementor-button-icon\">\n\t\t\t\t<i aria-hidden=\"true\" class=\"fas fa-arrow-circle-right\"><\/i>\t\t\t<\/span>\n\t\t\t\t\t\t\t\t\t<span class=\"elementor-button-text\">Raskaiden esineiden muuttaminen<\/span>\n\t\t\t\t\t<\/span>\n\t\t\t\t\t<\/a>\n\t\t\t\t<\/div>\n\t\t\t\t\t\t\t\t<\/div>\n\t\t\t\t<\/div>\n\t\t\t\t\t<\/div>\n\t\t<\/div>\n\t\t\t\t\t<\/div>\n\t\t<\/section>\n\t\t\t\t<div class=\"elementor-element elementor-element-96f4dab elementor-widget elementor-widget-spacer\" data-id=\"96f4dab\" data-element_type=\"widget\" data-e-type=\"widget\" data-widget_type=\"spacer.default\">\n\t\t\t\t<div class=\"elementor-widget-container\">\n\t\t\t\t\t\t\t<div class=\"elementor-spacer\">\n\t\t\t<div class=\"elementor-spacer-inner\"><\/div>\n\t\t<\/div>\n\t\t\t\t\t\t<\/div>\n\t\t\t\t<\/div>\n\t\t\t\t\t<\/div>\n\t\t<\/div>\n\t\t\t\t<div class=\"elementor-column elementor-col-50 elementor-top-column elementor-element elementor-element-8c729f5\" data-id=\"8c729f5\" data-element_type=\"column\" data-e-type=\"column\" data-settings=\"{&quot;background_background&quot;:&quot;classic&quot;}\">\n\t\t\t<div class=\"elementor-widget-wrap elementor-element-populated\">\n\t\t\t\t\t\t<div class=\"elementor-element elementor-element-163e221 elementor-widget elementor-widget-image\" data-id=\"163e221\" data-element_type=\"widget\" data-e-type=\"widget\" data-widget_type=\"image.default\">\n\t\t\t\t<div class=\"elementor-widget-container\">\n\t\t\t\t\t\t\t\t\t\t\t\t\t\t\t<img decoding=\"async\" src=\"https:\/\/adduco.ee\/wp-content\/uploads\/2023\/08\/adduco-kolimisspetsialistid.png\" title=\"adduco-kolimisspetsialistid\" alt=\"Adduco kolimisspetsialistid\" loading=\"lazy\" \/>\t\t\t\t\t\t\t\t\t\t\t\t\t\t\t<\/div>\n\t\t\t\t<\/div>\n\t\t\t\t\t<\/div>\n\t\t<\/div>\n\t\t\t\t\t<\/div>\n\t\t<\/section>\n\t\t\t\t<section class=\"elementor-section elementor-top-section elementor-element elementor-element-2990c14 elementor-section-content-middle elementor-section-boxed elementor-section-height-default elementor-section-height-default\" data-id=\"2990c14\" data-element_type=\"section\" data-e-type=\"section\">\n\t\t\t\t\t\t<div class=\"elementor-container elementor-column-gap-no\">\n\t\t\t\t\t<div class=\"elementor-column elementor-col-100 elementor-top-column elementor-element elementor-element-bddb6aa\" data-id=\"bddb6aa\" data-element_type=\"column\" data-e-type=\"column\">\n\t\t\t<div class=\"elementor-widget-wrap elementor-element-populated\">\n\t\t\t\t\t\t<div class=\"elementor-element elementor-element-55fc625 elementor-widget elementor-widget-heading\" data-id=\"55fc625\" data-element_type=\"widget\" data-e-type=\"widget\" data-widget_type=\"heading.default\">\n\t\t\t\t<div class=\"elementor-widget-container\">\n\t\t\t\t\t<h4 class=\"elementor-heading-title elementor-size-default\">Etk\u00f6 tied\u00e4, mit\u00e4 tekisit ylim\u00e4\u00e4r\u00e4isille\ntavaroille?<\/h4>\t\t\t\t<\/div>\n\t\t\t\t<\/div>\n\t\t\t\t<div class=\"elementor-element elementor-element-0e091af elementor-widget elementor-widget-image\" data-id=\"0e091af\" data-element_type=\"widget\" data-e-type=\"widget\" data-widget_type=\"image.default\">\n\t\t\t\t<div class=\"elementor-widget-container\">\n\t\t\t\t\t\t\t\t\t\t\t\t\t\t\t<img decoding=\"async\" src=\"https:\/\/adduco.ee\/wp-content\/uploads\/2021\/01\/adduco_ladustamine_03.jpg\" title=\"adduco_ladustamine_03\" alt=\"Adduco ladustamine\" loading=\"lazy\" \/>\t\t\t\t\t\t\t\t\t\t\t\t\t\t\t<\/div>\n\t\t\t\t<\/div>\n\t\t\t\t<div class=\"elementor-element elementor-element-e608e61 color-scheme-inherit text-left elementor-widget elementor-widget-text-editor\" data-id=\"e608e61\" data-element_type=\"widget\" data-e-type=\"widget\" data-widget_type=\"text-editor.default\">\n\t\t\t\t<div class=\"elementor-widget-container\">\n\t\t\t\t\t\t\t\t\t<p>Meill\u00e4 on sinulle kaksi ratkaisua:<\/p>\t\t\t\t\t\t\t\t<\/div>\n\t\t\t\t<\/div>\n\t\t\t\t<section class=\"elementor-section elementor-inner-section elementor-element elementor-element-3f21aa8 elementor-section-boxed elementor-section-height-default elementor-section-height-default\" data-id=\"3f21aa8\" data-element_type=\"section\" data-e-type=\"section\">\n\t\t\t\t\t\t<div class=\"elementor-container elementor-column-gap-default\">\n\t\t\t\t\t<div class=\"elementor-column elementor-col-100 elementor-inner-column elementor-element elementor-element-26b9143\" data-id=\"26b9143\" data-element_type=\"column\" data-e-type=\"column\">\n\t\t\t<div class=\"elementor-widget-wrap elementor-element-populated\">\n\t\t\t\t\t\t<div class=\"elementor-element elementor-element-4e699ee elementor-align-justify elementor-mobile-align-justify elementor-widget elementor-widget-button\" data-id=\"4e699ee\" data-element_type=\"widget\" data-e-type=\"widget\" data-widget_type=\"button.default\">\n\t\t\t\t<div class=\"elementor-widget-container\">\n\t\t\t\t\t\t\t\t\t<div class=\"elementor-button-wrapper\">\n\t\t\t\t\t<a class=\"elementor-button elementor-button-link elementor-size-sm\" href=\"https:\/\/adduco.ee\/fi\/sailytyspalvelu-tallinnassa-ja-tartossa\/\">\n\t\t\t\t\t\t<span class=\"elementor-button-content-wrapper\">\n\t\t\t\t\t\t<span class=\"elementor-button-icon\">\n\t\t\t\t<i aria-hidden=\"true\" class=\"fas fa-arrow-circle-right\"><\/i>\t\t\t<\/span>\n\t\t\t\t\t\t\t\t\t<span class=\"elementor-button-text\">S\u00e4ilytyspalvelu<\/span>\n\t\t\t\t\t<\/span>\n\t\t\t\t\t<\/a>\n\t\t\t\t<\/div>\n\t\t\t\t\t\t\t\t<\/div>\n\t\t\t\t<\/div>\n\t\t\t\t<div class=\"elementor-element elementor-element-63674c0 elementor-align-justify elementor-mobile-align-justify elementor-widget elementor-widget-button\" data-id=\"63674c0\" data-element_type=\"widget\" data-e-type=\"widget\" data-widget_type=\"button.default\">\n\t\t\t\t<div class=\"elementor-widget-container\">\n\t\t\t\t\t\t\t\t\t<div class=\"elementor-button-wrapper\">\n\t\t\t\t\t<a class=\"elementor-button elementor-button-link elementor-size-sm\" href=\"https:\/\/adduco.ee\/fi\/yhdyskuntajatteen-havittaminen\/\">\n\t\t\t\t\t\t<span class=\"elementor-button-content-wrapper\">\n\t\t\t\t\t\t<span class=\"elementor-button-icon\">\n\t\t\t\t<i aria-hidden=\"true\" class=\"fas fa-arrow-circle-right\"><\/i>\t\t\t<\/span>\n\t\t\t\t\t\t\t\t\t<span class=\"elementor-button-text\">Yhdyskuntaj\u00e4tteiden h\u00e4vitt\u00e4minen<\/span>\n\t\t\t\t\t<\/span>\n\t\t\t\t\t<\/a>\n\t\t\t\t<\/div>\n\t\t\t\t\t\t\t\t<\/div>\n\t\t\t\t<\/div>\n\t\t\t\t\t<\/div>\n\t\t<\/div>\n\t\t\t\t\t<\/div>\n\t\t<\/section>\n\t\t\t\t\t<\/div>\n\t\t<\/div>\n\t\t\t\t\t<\/div>\n\t\t<\/section>\n\t\t\t\t<\/div>\n\t\t","protected":false},"excerpt":{"rendered":"<p>Valitse stressit\u00f6n muutto Tilaa kaiken kattava muuttopalvelu Adducosta Yksityisasiakkaan muuttopalvelut Yritysasiakkaan muuttopalvelut Kansainv\u00e4linen muuttopalvelu Raskaiden esineiden muuttaminen Etk\u00f6 tied\u00e4, mit\u00e4<\/p>\n","protected":false},"author":7,"featured_media":12542,"parent":0,"menu_order":10,"comment_status":"closed","ping_status":"closed","template":"elementor_header_footer","meta":{"_acf_changed":false,"inline_featured_image":false,"footnotes":""},"class_list":["post-11300","page","type-page","status-publish","has-post-thumbnail","hentry"],"acf":[],"yoast_head":"<!-- This site is optimized with the Yoast SEO plugin v27.3 - https:\/\/yoast.com\/product\/yoast-seo-wordpress\/ -->\n<title>Valitse stressit\u00f6n muutto - Adduco<\/title>\n<meta name=\"description\" content=\"Luotettava Muuttopalvelu Virossa - Adduco O\u00dcAdduco on luotettava muuttopalveluyritys Virossa. Ammattitaitoinen tiimimme hoitaa muuttosi turvallisesti. My\u00f6s kansainv\u00e4liset muutot. Ota yhteytt\u00e4!\" \/>\n<meta name=\"robots\" content=\"index, follow, max-snippet:-1, max-image-preview:large, max-video-preview:-1\" \/>\n<link rel=\"canonical\" href=\"https:\/\/adduco.ee\/fi\/wp-json\/wp\/v2\/pages\/11300\/\" \/>\n<meta property=\"og:locale\" content=\"fi_FI\" \/>\n<meta property=\"og:type\" content=\"article\" \/>\n<meta property=\"og:title\" content=\"Valitse stressit\u00f6n muutto - Adduco\" \/>\n<meta property=\"og:description\" content=\"Luotettava Muuttopalvelu Virossa - Adduco O\u00dcAdduco on luotettava muuttopalveluyritys Virossa. Ammattitaitoinen tiimimme hoitaa muuttosi turvallisesti. My\u00f6s kansainv\u00e4liset muutot. Ota yhteytt\u00e4!\" \/>\n<meta property=\"og:url\" content=\"https:\/\/adduco.ee\/fi\/\" \/>\n<meta property=\"og:site_name\" content=\"Adduco\" \/>\n<meta property=\"article:publisher\" content=\"https:\/\/www.facebook.com\/kolimine\/\" \/>\n<meta property=\"article:modified_time\" content=\"2026-01-28T14:43:32+00:00\" \/>\n<meta property=\"og:image\" content=\"https:\/\/adduco.ee\/wp-content\/uploads\/2021\/02\/Feature_image-03.png\" \/>\n\t<meta property=\"og:image:width\" content=\"1200\" \/>\n\t<meta property=\"og:image:height\" content=\"628\" \/>\n\t<meta property=\"og:image:type\" content=\"image\/png\" \/>\n<meta name=\"twitter:label1\" content=\"Est. reading time\" \/>\n\t<meta name=\"twitter:data1\" content=\"1 minute\" \/>\n<script type=\"application\/ld+json\" class=\"yoast-schema-graph\">{\"@context\":\"https:\\\/\\\/schema.org\",\"@graph\":[{\"@type\":\"WebPage\",\"@id\":\"https:\\\/\\\/adduco.ee\\\/fi\\\/\",\"url\":\"https:\\\/\\\/adduco.ee\\\/fi\\\/\",\"name\":\"Valitse stressit\u00f6n muutto - Adduco\",\"isPartOf\":{\"@id\":\"https:\\\/\\\/adduco.ee\\\/fi\\\/#website\"},\"primaryImageOfPage\":{\"@id\":\"https:\\\/\\\/adduco.ee\\\/fi\\\/#primaryimage\"},\"image\":{\"@id\":\"https:\\\/\\\/adduco.ee\\\/fi\\\/#primaryimage\"},\"thumbnailUrl\":\"https:\\\/\\\/adduco.ee\\\/wp-content\\\/uploads\\\/2021\\\/02\\\/Feature_image-03.png\",\"datePublished\":\"2021-01-22T15:56:02+00:00\",\"dateModified\":\"2026-01-28T14:43:32+00:00\",\"description\":\"Luotettava Muuttopalvelu Virossa - Adduco O\u00dcAdduco on luotettava muuttopalveluyritys Virossa. Ammattitaitoinen tiimimme hoitaa muuttosi turvallisesti. My\u00f6s kansainv\u00e4liset muutot. Ota yhteytt\u00e4!\",\"breadcrumb\":{\"@id\":\"https:\\\/\\\/adduco.ee\\\/fi\\\/#breadcrumb\"},\"inLanguage\":\"fi\",\"potentialAction\":[{\"@type\":\"ReadAction\",\"target\":[\"https:\\\/\\\/adduco.ee\\\/fi\\\/\"]}]},{\"@type\":\"ImageObject\",\"inLanguage\":\"fi\",\"@id\":\"https:\\\/\\\/adduco.ee\\\/fi\\\/#primaryimage\",\"url\":\"https:\\\/\\\/adduco.ee\\\/wp-content\\\/uploads\\\/2021\\\/02\\\/Feature_image-03.png\",\"contentUrl\":\"https:\\\/\\\/adduco.ee\\\/wp-content\\\/uploads\\\/2021\\\/02\\\/Feature_image-03.png\",\"width\":1200,\"height\":628},{\"@type\":\"BreadcrumbList\",\"@id\":\"https:\\\/\\\/adduco.ee\\\/fi\\\/#breadcrumb\",\"itemListElement\":[{\"@type\":\"ListItem\",\"position\":1,\"name\":\"Avaleht\",\"item\":\"https:\\\/\\\/adduco.ee\\\/fi\\\/\"},{\"@type\":\"ListItem\",\"position\":2,\"name\":\"Valitse stressit\u00f6n muutto\"}]},{\"@type\":\"WebSite\",\"@id\":\"https:\\\/\\\/adduco.ee\\\/fi\\\/#website\",\"url\":\"https:\\\/\\\/adduco.ee\\\/fi\\\/\",\"name\":\"Adduco\",\"description\":\"Muuttopalvelut\",\"publisher\":{\"@id\":\"https:\\\/\\\/adduco.ee\\\/fi\\\/#organization\"},\"potentialAction\":[{\"@type\":\"SearchAction\",\"target\":{\"@type\":\"EntryPoint\",\"urlTemplate\":\"https:\\\/\\\/adduco.ee\\\/fi\\\/?s={search_term_string}\"},\"query-input\":{\"@type\":\"PropertyValueSpecification\",\"valueRequired\":true,\"valueName\":\"search_term_string\"}}],\"inLanguage\":\"fi\"},{\"@type\":\"Organization\",\"@id\":\"https:\\\/\\\/adduco.ee\\\/fi\\\/#organization\",\"name\":\"Adduco O\u00dc\",\"url\":\"https:\\\/\\\/adduco.ee\\\/fi\\\/\",\"logo\":{\"@type\":\"ImageObject\",\"inLanguage\":\"fi\",\"@id\":\"https:\\\/\\\/adduco.ee\\\/fi\\\/#\\\/schema\\\/logo\\\/image\\\/\",\"url\":\"https:\\\/\\\/adduco.ee\\\/wp-content\\\/uploads\\\/2019\\\/02\\\/logo_Adduco-01.png\",\"contentUrl\":\"https:\\\/\\\/adduco.ee\\\/wp-content\\\/uploads\\\/2019\\\/02\\\/logo_Adduco-01.png\",\"width\":200,\"height\":75,\"caption\":\"Adduco O\u00dc\"},\"image\":{\"@id\":\"https:\\\/\\\/adduco.ee\\\/fi\\\/#\\\/schema\\\/logo\\\/image\\\/\"},\"sameAs\":[\"https:\\\/\\\/www.facebook.com\\\/kolimine\\\/\"]}]}<\/script>\n<!-- \/ Yoast SEO plugin. -->","yoast_head_json":{"title":"Valitse stressit\u00f6n muutto - Adduco","description":"Luotettava Muuttopalvelu Virossa - Adduco O\u00dcAdduco on luotettava muuttopalveluyritys Virossa. Ammattitaitoinen tiimimme hoitaa muuttosi turvallisesti. My\u00f6s kansainv\u00e4liset muutot. Ota yhteytt\u00e4!","robots":{"index":"index","follow":"follow","max-snippet":"max-snippet:-1","max-image-preview":"max-image-preview:large","max-video-preview":"max-video-preview:-1"},"canonical":"https:\/\/adduco.ee\/fi\/wp-json\/wp\/v2\/pages\/11300\/","og_locale":"fi_FI","og_type":"article","og_title":"Valitse stressit\u00f6n muutto - Adduco","og_description":"Luotettava Muuttopalvelu Virossa - Adduco O\u00dcAdduco on luotettava muuttopalveluyritys Virossa. Ammattitaitoinen tiimimme hoitaa muuttosi turvallisesti. My\u00f6s kansainv\u00e4liset muutot. Ota yhteytt\u00e4!","og_url":"https:\/\/adduco.ee\/fi\/","og_site_name":"Adduco","article_publisher":"https:\/\/www.facebook.com\/kolimine\/","article_modified_time":"2026-01-28T14:43:32+00:00","og_image":[{"width":1200,"height":628,"url":"https:\/\/adduco.ee\/wp-content\/uploads\/2021\/02\/Feature_image-03.png","type":"image\/png"}],"twitter_misc":{"Est. reading time":"1 minute"},"schema":{"@context":"https:\/\/schema.org","@graph":[{"@type":"WebPage","@id":"https:\/\/adduco.ee\/fi\/","url":"https:\/\/adduco.ee\/fi\/","name":"Valitse stressit\u00f6n muutto - Adduco","isPartOf":{"@id":"https:\/\/adduco.ee\/fi\/#website"},"primaryImageOfPage":{"@id":"https:\/\/adduco.ee\/fi\/#primaryimage"},"image":{"@id":"https:\/\/adduco.ee\/fi\/#primaryimage"},"thumbnailUrl":"https:\/\/adduco.ee\/wp-content\/uploads\/2021\/02\/Feature_image-03.png","datePublished":"2021-01-22T15:56:02+00:00","dateModified":"2026-01-28T14:43:32+00:00","description":"Luotettava Muuttopalvelu Virossa - Adduco O\u00dcAdduco on luotettava muuttopalveluyritys Virossa. Ammattitaitoinen tiimimme hoitaa muuttosi turvallisesti. My\u00f6s kansainv\u00e4liset muutot. Ota yhteytt\u00e4!","breadcrumb":{"@id":"https:\/\/adduco.ee\/fi\/#breadcrumb"},"inLanguage":"fi","potentialAction":[{"@type":"ReadAction","target":["https:\/\/adduco.ee\/fi\/"]}]},{"@type":"ImageObject","inLanguage":"fi","@id":"https:\/\/adduco.ee\/fi\/#primaryimage","url":"https:\/\/adduco.ee\/wp-content\/uploads\/2021\/02\/Feature_image-03.png","contentUrl":"https:\/\/adduco.ee\/wp-content\/uploads\/2021\/02\/Feature_image-03.png","width":1200,"height":628},{"@type":"BreadcrumbList","@id":"https:\/\/adduco.ee\/fi\/#breadcrumb","itemListElement":[{"@type":"ListItem","position":1,"name":"Avaleht","item":"https:\/\/adduco.ee\/fi\/"},{"@type":"ListItem","position":2,"name":"Valitse stressit\u00f6n muutto"}]},{"@type":"WebSite","@id":"https:\/\/adduco.ee\/fi\/#website","url":"https:\/\/adduco.ee\/fi\/","name":"Adduco","description":"Muuttopalvelut","publisher":{"@id":"https:\/\/adduco.ee\/fi\/#organization"},"potentialAction":[{"@type":"SearchAction","target":{"@type":"EntryPoint","urlTemplate":"https:\/\/adduco.ee\/fi\/?s={search_term_string}"},"query-input":{"@type":"PropertyValueSpecification","valueRequired":true,"valueName":"search_term_string"}}],"inLanguage":"fi"},{"@type":"Organization","@id":"https:\/\/adduco.ee\/fi\/#organization","name":"Adduco O\u00dc","url":"https:\/\/adduco.ee\/fi\/","logo":{"@type":"ImageObject","inLanguage":"fi","@id":"https:\/\/adduco.ee\/fi\/#\/schema\/logo\/image\/","url":"https:\/\/adduco.ee\/wp-content\/uploads\/2019\/02\/logo_Adduco-01.png","contentUrl":"https:\/\/adduco.ee\/wp-content\/uploads\/2019\/02\/logo_Adduco-01.png","width":200,"height":75,"caption":"Adduco O\u00dc"},"image":{"@id":"https:\/\/adduco.ee\/fi\/#\/schema\/logo\/image\/"},"sameAs":["https:\/\/www.facebook.com\/kolimine\/"]}]}},"_links":{"self":[{"href":"https:\/\/adduco.ee\/fi\/wp-json\/wp\/v2\/pages\/11300","targetHints":{"allow":["GET"]}}],"collection":[{"href":"https:\/\/adduco.ee\/fi\/wp-json\/wp\/v2\/pages"}],"about":[{"href":"https:\/\/adduco.ee\/fi\/wp-json\/wp\/v2\/types\/page"}],"author":[{"embeddable":true,"href":"https:\/\/adduco.ee\/fi\/wp-json\/wp\/v2\/users\/7"}],"replies":[{"embeddable":true,"href":"https:\/\/adduco.ee\/fi\/wp-json\/wp\/v2\/comments?post=11300"}],"version-history":[{"count":22,"href":"https:\/\/adduco.ee\/fi\/wp-json\/wp\/v2\/pages\/11300\/revisions"}],"predecessor-version":[{"id":22199,"href":"https:\/\/adduco.ee\/fi\/wp-json\/wp\/v2\/pages\/11300\/revisions\/22199"}],"wp:featuredmedia":[{"embeddable":true,"href":"https:\/\/adduco.ee\/fi\/wp-json\/wp\/v2\/media\/12542"}],"wp:attachment":[{"href":"https:\/\/adduco.ee\/fi\/wp-json\/wp\/v2\/media?parent=11300"}],"curies":[{"name":"wp","href":"https:\/\/api.w.org\/{rel}","templated":true}]}}